{"id":2,"date":"2025-11-30T23:24:08","date_gmt":"2025-11-30T23:24:08","guid":{"rendered":"https:\/\/starmusique.com\/?page_id=2"},"modified":"2026-02-14T15:01:20","modified_gmt":"2026-02-14T15:01:20","slug":"nu-disco-fever","status":"publish","type":"page","link":"https:\/\/starmusique.com\/fr\/nu-disco-fever\/","title":{"rendered":"NU DISCO FEVER \u2013 GENRE EDM"},"content":{"rendered":"<p>Starmusique Origine musicale dans Nu-Disco Fever<\/p>\n\n\n\n<p>Le nu-disco est un genre de musique \u00e9lectronique qui combine des \u00e9l\u00e9ments de disco, de funk, de soul et de musique dance moderne. Il se caract\u00e9rise par l'utilisation de synth\u00e9tiseurs vintage, de lignes de basse distinctives et de m\u00e9lodies entra\u00eenantes, alliant l'\u00e9nergie de l'\u00e8re disco \u00e0 des rythmes modernes autour de 126 BPM.<\/p>\n\n\n\n<p><\/p>\n\n\n\n<p>C'est une fusion entre l'ancien et le nouveau, un m\u00e9lange entre l'\u00e9nergie scintillante du disco des ann\u00e9es 1970 et les influences \u00e9lectroniques contemporaines telles que la dance house music. Les grooves funky sont caract\u00e9ristiques, et les chansons de Starmusique, en particulier, mettent \u00e9galement en vedette des instruments live. Le genre est apparu au XXIe si\u00e8cle et a \u00e9t\u00e9 fa\u00e7onn\u00e9 par un regain d'int\u00e9r\u00eat pour le disco et la musique \u00e9lectronique dance. Il a connu un regain de popularit\u00e9 au d\u00e9but des ann\u00e9es 2000, puis \u00e0 nouveau dans les ann\u00e9es 2010.<\/p>\n\n\n\n<p><\/p>\n\n\n\n<blockquote class=\"wp-block-quote is-layout-flow wp-block-quote-is-layout-flow\">\n<p>Dans les ann\u00e9es 2000, des groupes tels que Daft Punk, Stardust et Modjo ont fa\u00e7onn\u00e9 la French house, dans laquelle le nu disco trouve ses racines. Le nu disco est moins rapide que la disco house classique et pr\u00e9sente souvent une structure plus m\u00e9lodique, de type couplet-refrain. Ses caract\u00e9ristiques typiques sont essentiellement les arrangements de cuivres et de cordes, la guitare funky et, bien s\u00fbr, les voix soul du l\u00e9gendaire label Motown Records. C'est le \u00ab son Motown \u00bb inimitable, avec des tubes d'artistes tels que les Supremes, Aretha Franklin, Marvin Gaye, les Comodores et les Jackson 5. Tout cela r\u00e9uni dans un seul morceau est bien plus qu'un simple revival nostalgique. Le nu disco ram\u00e8ne les rythmes entra\u00eenants et dansants sur les pistes de danse du monde entier.<\/p>\n\n\n\n<p><\/p>\n<\/blockquote>\n\n\n\n<figure class=\"wp-block-image size-full has-custom-border is-style-rounded wp-duotone-unset-1\" style=\"margin-top:0;margin-bottom:0\"><img loading=\"lazy\" decoding=\"async\" width=\"928\" height=\"660\" src=\"https:\/\/starmusique.com\/wp-content\/uploads\/2025\/12\/rightffeeling-05.jpg\" alt=\"\" class=\"wp-image-291\" style=\"border-width:31px;border-top-left-radius:100px;border-top-right-radius:100px;border-bottom-left-radius:100px;border-bottom-right-radius:100px\" srcset=\"https:\/\/starmusique.com\/wp-content\/uploads\/2025\/12\/rightffeeling-05.jpg 928w, https:\/\/starmusique.com\/wp-content\/uploads\/2025\/12\/rightffeeling-05-300x213.jpg 300w, https:\/\/starmusique.com\/wp-content\/uploads\/2025\/12\/rightffeeling-05-768x546.jpg 768w\" sizes=\"auto, (max-width: 928px) 100vw, 928px\" \/><\/figure>\n\n\n\n<p>Le r\u00e9sultat est un genre qui diffuse in\u00e9vitablement de bonnes vibrations et rassemble les gens sur les pistes de danse du monde entier. C'est pr\u00e9cis\u00e9ment ce qui motive les nouvelles chansons de NU Disco.<\/p>\n\n\n\n<p>starmusique Record Label (11356)<\/p>","protected":false},"excerpt":{"rendered":"<p>Starmusique Music origin in Nu-Disco Fever Nu-disco is an electronic dance music genre that combines elements of disco, funk, soul, and modern dance music. It is characterized by the use of vintage synths, distinctive basslines, and catchy melodies, bringing together the energy of the disco era with modern beats around 126 BPM. It is a [&hellip;]<\/p>\n","protected":false},"author":2,"featured_media":0,"parent":0,"menu_order":0,"comment_status":"closed","ping_status":"closed","template":"","meta":{"footnotes":""},"class_list":["post-2","page","type-page","status-publish","hentry"],"_links":{"self":[{"href":"https:\/\/starmusique.com\/fr\/wp-json\/wp\/v2\/pages\/2","targetHints":{"allow":["GET"]}}],"collection":[{"href":"https:\/\/starmusique.com\/fr\/wp-json\/wp\/v2\/pages"}],"about":[{"href":"https:\/\/starmusique.com\/fr\/wp-json\/wp\/v2\/types\/page"}],"author":[{"embeddable":true,"href":"https:\/\/starmusique.com\/fr\/wp-json\/wp\/v2\/users\/2"}],"replies":[{"embeddable":true,"href":"https:\/\/starmusique.com\/fr\/wp-json\/wp\/v2\/comments?post=2"}],"version-history":[{"count":7,"href":"https:\/\/starmusique.com\/fr\/wp-json\/wp\/v2\/pages\/2\/revisions"}],"predecessor-version":[{"id":332,"href":"https:\/\/starmusique.com\/fr\/wp-json\/wp\/v2\/pages\/2\/revisions\/332"}],"wp:attachment":[{"href":"https:\/\/starmusique.com\/fr\/wp-json\/wp\/v2\/media?parent=2"}],"curies":[{"name":"wp","href":"https:\/\/api.w.org\/{rel}","templated":true}]}}