{"id":23,"date":"2025-12-03T15:33:36","date_gmt":"2025-12-03T15:33:36","guid":{"rendered":"https:\/\/starmusique.com\/?page_id=23"},"modified":"2026-01-11T16:20:32","modified_gmt":"2026-01-11T16:20:32","slug":"about-us","status":"publish","type":"page","link":"https:\/\/starmusique.com\/fr\/about-us\/","title":{"rendered":"\u00c0 PROPOS DE NOUS"},"content":{"rendered":"<p>Courte biographie \u00ab Cosmic Filter (Leger) \u00bb Starmusique Disco House Label<\/p>\n\n\n\n<p>Plus de 40 ans d'inspiration musicale : avec la cr\u00e9ation de son propre groupe de rock-pop \u00e0 la fin des ann\u00e9es 1980, il a cr\u00e9\u00e9 des sons pop grandioses qui ont rapidement conquis le public des festivals pop et ont conduit \u00e0 la sortie de son premier CD, \u00ab Epilog \u00bb. Le CD a \u00e9t\u00e9 diffus\u00e9 par de nombreuses stations de radio locales et produit au studio d'enregistrement \u00ab Artist \u00bb. Il a ensuite donn\u00e9 de nombreux concerts en tant que batteur et choriste. L'\u00e9tape suivante a \u00e9t\u00e9 la production de publicit\u00e9s radio avec le groupe pop-rock et d'un CD longue dur\u00e9e avec les producteurs de Cologne. Ont suivi d'innombrables concerts avec des groupes de reprises et d'autres productions de CD. Puis sont venues les premi\u00e8res performances live de percussions avec des DJ dans des clubs. Et la cons\u00e9quence logique a \u00e9t\u00e9 la production num\u00e9rique de chansons dans les ann\u00e9es 2000.<\/p>\n\n\n\n<p><\/p>\n\n\n\n<p>Cela a marqu\u00e9 le d\u00e9but d'un nouvel \u00e9tat d'esprit, fortement influenc\u00e9 par Daft Punk et Stardust, derri\u00e8re lequel Thomas Bangalter a cr\u00e9\u00e9 un nouveau son unique. La chanson \u00ab Music Sounds Better with You \u00bb, que je consid\u00e8re comme l'une des chansons les plus marquantes et les plus distinctives de la house fran\u00e7aise, a pos\u00e9 un jalon important. L'\u00e9chantillon tir\u00e9 de la chanson \u00ab Fate \u00bb de Chaka Khan renvoie directement \u00e0 Motown Records et constitue un merveilleux lien entre les deux univers musicaux.<\/p>\n\n\n\n<p><\/p>\n\n\n\n<p>Au fil des ans, de nouveaux artistes et de nouvelles chansons fortement influenc\u00e9s par le genre disco house ont vu le jour. Gr\u00e2ce \u00e0 des chanteurs exceptionnels, des morceaux dance ont \u00e9t\u00e9 cr\u00e9\u00e9s pour inciter les gens \u00e0 danser. La French house, en particulier, a eu un impact consid\u00e9rable et a influenc\u00e9 les morceaux suivants :<\/p>\n\n\n\n<p>Des projets tels que The Right Feeling, Do it again, Games people play et Out of my mind ne sont que quelques-uns parmi ceux que nous souhaitons mentionner et \u00e9galement publier. Enregistr\u00e9s en direct dans les studios Artist Studios de notre bon ami Sven G., puis finalement produits chez starmusique. <br><br>press report:<\/p>\n\n\n\n<figure class=\"wp-block-gallery has-nested-images columns-default is-cropped wp-block-gallery-1 is-layout-flex wp-block-gallery-is-layout-flex\"><\/figure>\n\n\n\n<p>Le r\u00e9sultat est un genre qui diffuse in\u00e9vitablement de bonnes vibrations et rassemble les gens sur les pistes de danse du monde entier. C'est pr\u00e9cis\u00e9ment ce qui motive les nouvelles chansons de NU Disco.<\/p>\n\n\n\n<p class=\"has-foreground-color has-text-color has-link-color wp-elements-dc82882b377c166cb614b45885bcc5e0\">starmusique Record Label (11356)<\/p>\n\n\n\n<hr class=\"wp-block-separator has-alpha-channel-opacity\"\/>\n\n\n\n<p>MERCI \u00c0 TOUS<\/p>\n\n\n\n<p class=\"has-tiny-font-size\"><\/p>","protected":false},"excerpt":{"rendered":"<p>Short biography \u201cCosmic Filter (Leger)\u201d Starmusique Disco House Label: More than 40 Years inspired by music : With the founding of his own rock-pop band in the late 1980s, bombastic pop sounds were created that soon won over audiences at pop festivals and led to the release of his first debut CD, \u201cEpilog.\u201d The CD [&hellip;]<\/p>\n","protected":false},"author":2,"featured_media":0,"parent":0,"menu_order":0,"comment_status":"closed","ping_status":"closed","template":"","meta":{"footnotes":""},"class_list":["post-23","page","type-page","status-publish","hentry"],"_links":{"self":[{"href":"https:\/\/starmusique.com\/fr\/wp-json\/wp\/v2\/pages\/23","targetHints":{"allow":["GET"]}}],"collection":[{"href":"https:\/\/starmusique.com\/fr\/wp-json\/wp\/v2\/pages"}],"about":[{"href":"https:\/\/starmusique.com\/fr\/wp-json\/wp\/v2\/types\/page"}],"author":[{"embeddable":true,"href":"https:\/\/starmusique.com\/fr\/wp-json\/wp\/v2\/users\/2"}],"replies":[{"embeddable":true,"href":"https:\/\/starmusique.com\/fr\/wp-json\/wp\/v2\/comments?post=23"}],"version-history":[{"count":12,"href":"https:\/\/starmusique.com\/fr\/wp-json\/wp\/v2\/pages\/23\/revisions"}],"predecessor-version":[{"id":261,"href":"https:\/\/starmusique.com\/fr\/wp-json\/wp\/v2\/pages\/23\/revisions\/261"}],"wp:attachment":[{"href":"https:\/\/starmusique.com\/fr\/wp-json\/wp\/v2\/media?parent=23"}],"curies":[{"name":"wp","href":"https:\/\/api.w.org\/{rel}","templated":true}]}}