{"id":58,"date":"2025-12-04T12:01:05","date_gmt":"2025-12-04T12:01:05","guid":{"rendered":"https:\/\/starmusique.com\/?page_id=58"},"modified":"2026-03-06T16:23:15","modified_gmt":"2026-03-06T16:23:15","slug":"cosmic-filter","status":"publish","type":"page","link":"https:\/\/starmusique.com\/fr\/cosmic-filter\/","title":{"rendered":"COSMIC FILTER \u2013 L'artiste"},"content":{"rendered":"<p>Pourquoi ce nom est-il significatif et authentique pour l'artiste ?<\/p>\n\n\n\n<p>Qu'est-ce qu'un <strong>filter<\/strong>? <\/p>\n\n\n\n<p>Le filtre \u00e0 charbon actif est probablement le filtre le plus populaire et le meilleur choix. Ce filtre \u00e9limine presque tous les polluants, microplastiques, m\u00e9taux lourds, compos\u00e9s organiques, chlore et mauvais go\u00fbt de l'eau. Mais ce n'est pas tout... Voyons plus loin et examinons cette id\u00e9e de plus pr\u00e8s : <br><br>Le <strong>Cosmic Filter <em>Theory<\/em><\/strong><\/p>\n\n\n\n<p>Elle stipule qu'il existe une sorte de filtre, un goulot d'\u00e9tranglement, qui doit \u00eatre franchi avant qu'une civilisation puisse atteindre le niveau atteint par l'humanit\u00e9. Ce goulot d'\u00e9tranglement serait un d\u00e9fi qui rendrait extr\u00eamement difficile l'atteinte de ce niveau. La th\u00e9orie du \u00ab grand filtre \u00bb affirme qu'il existe un obstacle extr\u00eamement difficile \u00e0 surmonter sur le chemin du d\u00e9veloppement d'une civilisation interstellaire avanc\u00e9e, qui rend la vie presque impossible \u00e0 surmonter. Cette th\u00e9orie est une explication possible du paradoxe de Fermi, c'est-\u00e0-dire l'absence de preuves de la vie extraterrestre. Le filtre pourrait repr\u00e9senter l'\u00e9mergence de la vie dans le pass\u00e9 ou l'autodestruction par la technologie dans le futur. Une autre possibilit\u00e9 est que le progr\u00e8s et l'expansion d'une civilisation conduisent automatiquement \u00e0 des d\u00e9veloppements qui aboutissent g\u00e9n\u00e9ralement \u00e0 l'autodestruction de cette civilisation. Dans ce cas, les autres civilisations auraient jusqu'\u00e0 pr\u00e9sent \u00e9chou\u00e9 au Grand Filtre, et l'humanit\u00e9 aurait encore ce d\u00e9fi \u00e0 relever.<\/p>\n\n\n\n<p>ou<\/p>\n\n\n\n<p>Si nous recherchons d\u00e9j\u00e0 des r\u00e9ponses au filtre dans l'univers, nous devrions \u00e9galement envisager ici un effet de filtre inhabituel. En astrophotographie, les filtres cosmiques sont utilis\u00e9s pour des observations d\u00e9taill\u00e9es du ciel. Le filtre double bande est un filtre interf\u00e9rentiel \u00e0 bande \u00e9troite haute performance qui am\u00e9liore la visibilit\u00e9 de certains ph\u00e9nom\u00e8nes c\u00e9lestes. Il isole pr\u00e9cis\u00e9ment les longueurs d'onde de l'hydrog\u00e8ne alpha (H-alpha) et de l'oxyg\u00e8ne III (O-III), que l'on trouve couramment dans les n\u00e9buleuses, ce qui permet de voir des \u00e9toiles mieux d\u00e9finies et des d\u00e9tails complexes pour une astrophotographie \u00e9poustouflante. Lorsque le brouillard se dissipe et que la clart\u00e9 devient visible \u00e0 travers le filtre, cela ressemble presque \u00e0 une m\u00e9taphore de l'effet musical du filtre coupe-haut\/coupe-bas ou du phaser :<\/p>\n\n\n\n<figure class=\"wp-block-image size-large is-resized\"><img loading=\"lazy\" decoding=\"async\" width=\"1024\" height=\"347\" src=\"https:\/\/starmusique.com\/wp-content\/uploads\/2026\/03\/cosmicfilter2-1024x347.jpg\" alt=\"\" class=\"wp-image-387\" style=\"aspect-ratio:2.94821241608307;width:691px;height:auto\" srcset=\"https:\/\/starmusique.com\/wp-content\/uploads\/2026\/03\/cosmicfilter2-1024x347.jpg 1024w, https:\/\/starmusique.com\/wp-content\/uploads\/2026\/03\/cosmicfilter2-300x102.jpg 300w, https:\/\/starmusique.com\/wp-content\/uploads\/2026\/03\/cosmicfilter2-768x260.jpg 768w, https:\/\/starmusique.com\/wp-content\/uploads\/2026\/03\/cosmicfilter2-18x6.jpg 18w, https:\/\/starmusique.com\/wp-content\/uploads\/2026\/03\/cosmicfilter2.jpg 1368w\" sizes=\"auto, (max-width: 1024px) 100vw, 1024px\" \/><\/figure>\n\n\n\n<p>Le filtrage statistique est un processus math\u00e9matique qui filtre des ensembles d'objets arbitraires. Un logiciel de filtrage est une fonction qui utilise\/traite uniquement un sous-ensemble sp\u00e9cifique des donn\u00e9es d'entr\u00e9e existantes. Pour prendre un exemple d\u00e9taill\u00e9, un filtre passe-bas : la fr\u00e9quence de coupure, concept fondamental dans le traitement du signal et l'\u00e9lectronique, est le point \u00e0 partir duquel un syst\u00e8me commence \u00e0 att\u00e9nuer de mani\u00e8re significative la puissance du signal, fa\u00e7onnant ainsi la fa\u00e7on dont nous percevons et interagissons avec les signaux \u00e9lectroniques dans la musique. Ou encore, un \u00ab phaser \u00bb est un effet musical permettant de modifier le son par d\u00e9phasage, ou un syst\u00e8me d'arme fictif issu de la s\u00e9rie de science-fiction \u00ab Star Trek \u00bb. Dans un contexte musical, il est principalement utilis\u00e9 pour les guitares, mais aussi pour les claviers et les voix afin de cr\u00e9er une impression sonore circulaire. Il s'agit d'un effet ou d'une fonction \u00e9lectronique qui divise un signal, d\u00e9phase la copie, puis la m\u00e9lange \u00e0 nouveau avec le signal d'origine. Il cr\u00e9e un effet sonore r\u00e9p\u00e9titif et oscillant qui peut ajouter plus de profondeur et de mouvement \u00e0 la sortie sonore.<strong> <\/strong><\/p>\n\n\n\n<p>Quoi qu'il en soit, s'il existe un filtre ou un goulot d'\u00e9tranglement d\u00e9terminant pour quelque chose de compl\u00e8tement nouveau et g\u00e9nial, alors le r\u00e9glage du filtre ou l'effet du filtre est d\u00e9terminant pour tout ce qui vient apr\u00e8s. Si l'on adapte cela \u00e0 la musique, est-ce que le son qui passe par le filtre change la chanson, voire la r\u00e9volutionne ?<\/p>\n\n\n\n<figure class=\"wp-block-image is-resized\"><img loading=\"lazy\" decoding=\"async\" width=\"1368\" height=\"464\" src=\"https:\/\/starmusique.com\/wp-content\/uploads\/2026\/03\/BottleNeck.jpg\" alt=\"\" class=\"wp-image-389\" style=\"aspect-ratio:2.94821241608307;width:706px;height:auto\" srcset=\"https:\/\/starmusique.com\/wp-content\/uploads\/2026\/03\/BottleNeck.jpg 1368w, https:\/\/starmusique.com\/wp-content\/uploads\/2026\/03\/BottleNeck-300x102.jpg 300w, https:\/\/starmusique.com\/wp-content\/uploads\/2026\/03\/BottleNeck-1024x347.jpg 1024w, https:\/\/starmusique.com\/wp-content\/uploads\/2026\/03\/BottleNeck-768x260.jpg 768w, https:\/\/starmusique.com\/wp-content\/uploads\/2026\/03\/BottleNeck-18x6.jpg 18w\" sizes=\"auto, (max-width: 1368px) 100vw, 1368px\" \/><\/figure>\n\n\n\n<p>Importance pour les gens et la musique : le fait que le filtre soit derri\u00e8re nous ou encore devant nous est crucial : s'il est devant nous, notre avenir est menac\u00e9 car nous risquons de ne pas y survivre, mais dans la musique dance, en particulier le disco house, le goulot d'\u00e9tranglement cr\u00e9e le son typique de la French house, qui se trouve d\u00e9finitivement derri\u00e8re le filtre, gr\u00e2ce \u00e0 la sc\u00e8ne French house des ann\u00e9es 2000.<\/p>\n\n\n\n<p><br>Trois hourras pour cet effet :<br>Son Motown * musique dance * French house = NU disco<\/p>\n\n\n\n<p>Meilleurs v\u0153ux, votre Comic Filter<\/p>","protected":false},"excerpt":{"rendered":"<p>Why is the name significant and authentic for the artist? What is a filter? Probably the most popular filter and best choice is the activated carbon filter. This filter removes almost all pollutants, microplastics, heavy metals, organic compounds, chlorine, and bad taste from the water. But it&#8217;s not about that&#8230; Think bigger and let&#8217;s take [&hellip;]<\/p>\n","protected":false},"author":2,"featured_media":0,"parent":0,"menu_order":0,"comment_status":"closed","ping_status":"closed","template":"","meta":{"footnotes":""},"class_list":["post-58","page","type-page","status-publish","hentry"],"_links":{"self":[{"href":"https:\/\/starmusique.com\/fr\/wp-json\/wp\/v2\/pages\/58","targetHints":{"allow":["GET"]}}],"collection":[{"href":"https:\/\/starmusique.com\/fr\/wp-json\/wp\/v2\/pages"}],"about":[{"href":"https:\/\/starmusique.com\/fr\/wp-json\/wp\/v2\/types\/page"}],"author":[{"embeddable":true,"href":"https:\/\/starmusique.com\/fr\/wp-json\/wp\/v2\/users\/2"}],"replies":[{"embeddable":true,"href":"https:\/\/starmusique.com\/fr\/wp-json\/wp\/v2\/comments?post=58"}],"version-history":[{"count":14,"href":"https:\/\/starmusique.com\/fr\/wp-json\/wp\/v2\/pages\/58\/revisions"}],"predecessor-version":[{"id":390,"href":"https:\/\/starmusique.com\/fr\/wp-json\/wp\/v2\/pages\/58\/revisions\/390"}],"wp:attachment":[{"href":"https:\/\/starmusique.com\/fr\/wp-json\/wp\/v2\/media?parent=58"}],"curies":[{"name":"wp","href":"https:\/\/api.w.org\/{rel}","templated":true}]}}